{"id":2683,"date":"2016-11-03T08:07:15","date_gmt":"2016-11-03T08:07:15","guid":{"rendered":"http:\/\/colabrio\/?page_id=2683"},"modified":"2022-11-09T10:53:54","modified_gmt":"2022-11-09T09:53:54","slug":"digital-agency","status":"publish","type":"page","link":"https:\/\/franjavirtual.es\/","title":{"rendered":"Bienvenido a nuestra p\u00e1gina web."},"content":{"rendered":"[vc_row full_width=\u00bbstretch_row_content_no_spaces\u00bb css=\u00bb.vc_custom_1478180018375{margin-bottom: 0px !important;background-color: #343436 !important;}\u00bb][vc_column css=\u00bb.vc_custom_1478179975995{margin-bottom: 0px !important;padding-top: 0px !important;}\u00bb][rev_slider_vc alias=\u00bbcreative_agency\u00bb][\/vc_column][\/vc_row][vc_row full_width=\u00bbstretch_row\u00bb css=\u00bb.vc_custom_1479109681415{background-color: #f3f3f3 !important;}\u00bb][vc_column css=\u00bb.vc_custom_1478187626867{padding-top: 0px !important;}\u00bb][vc_empty_space height=\u00bb90px\u00bb el_class=\u00bbarg-spacer\u00bb][vc_row_inner][vc_column_inner width=\u00bb1\/4&#8243;]<div id=\"argenta-custom-69db549492387\"  class=\"heading-wrapper text-left brand-color\"  >\n\t\n\t<h3 class=\"second-title text-left\">ARQ<\/h3>\n\n\t\n\t\n\t\t\t<p class=\"subtitle\">Exteriores e interiores<\/p>\n\t<\/div>\t\n\n<div id=\"argenta-custom-69db54949249f\"  class=\"heading-wrapper text-left\"  >\n\t\t\t<p class=\"subtitle\">+ de 20 a\u00f1os de experiencia<\/p>\n\t\n\t<h3 class=\"second-title text-left\">Arquitectura<\/h3>\n\n\t\n\t\n\t<\/div>\t\n\n[vc_column_text]Modelado y Render arquitect\u00f3nico. Fotoreal\u00edsmo a partir de planos de proyecto + La creaci\u00f3n o integraci\u00f3n de entornos.[\/vc_column_text]<div class=\"button_wrapper\"  >\n\t\n\t<a href=\"https:\/\/franjavirtual.es\/arquitectura\/\" class=\"btn btn-outline btn-small\">\n\t\t\t\t<span class=\"text\">Ver m\u00e1s<\/span>\n\t\t\t<\/a>\n\t\n<\/div>\n\n[vc_empty_space][\/vc_column_inner][vc_column_inner width=\u00bb1\/4&#8243;]<div id=\"argenta-custom-69db54949260a\"  class=\"heading-wrapper text-left\"  >\n\t\n\t<h3 class=\"second-title text-left\">INT<\/h3>\n\n\t\n\t\n\t\t\t<p class=\"subtitle\">Fotoreal\u00edsmo aplicado a sus dise\u00f1os.<\/p>\n\t<\/div>\t\n\n<div id=\"argenta-custom-69db54949268c\"  class=\"heading-wrapper text-left\"  >\n\t\t\t<p class=\"subtitle\">Tambi\u00e9n aplicado a rehabilitaciones<\/p>\n\t\n\t<h3 class=\"second-title text-left\">Dise\u00f1o &amp; Interiorismo<\/h3>\n\n\t\n\t\n\t<\/div>\t\n\n[vc_column_text]Sorprenda a su cliente con una representaci\u00f3n casi real de sus propuestas. Nada puede compararse a una imagen concreta y detallada&#8230; O tambi\u00e9n animada en 3D.[\/vc_column_text]<div class=\"button_wrapper\"  >\n\t\n\t<a href=\"https:\/\/franjavirtual.es\/interiores\/\" class=\"btn btn-outline btn-small\">\n\t\t\t\t<span class=\"text\">Interiores<\/span>\n\t\t\t<\/a>\n\t\n<\/div>\n\n<div class=\"button_wrapper\"  >\n\t\n\t<a href=\"https:\/\/franjavirtual.es\/planos-2d-3d\/\" class=\"btn btn-outline\">\n\t\t\t\t<span class=\"text\">Planos 2D y 3D<\/span>\n\t\t\t<\/a>\n\t\n<\/div>\n\n[vc_empty_space][\/vc_column_inner][vc_column_inner width=\u00bb1\/4&#8243;]<div id=\"argenta-custom-69db5494927fb\"  class=\"heading-wrapper text-left\"  >\n\t\n\t<h3 class=\"second-title text-left\">IMG+<\/h3>\n\n\t\n\t\n\t\t\t<p class=\"subtitle\">Dise\u00f1o de Venta y Promoci\u00f3n<\/p>\n\t<\/div>\t\n\n<div id=\"argenta-custom-69db54949286c\"  class=\"heading-wrapper text-left\"  >\n\t\t\t<p class=\"subtitle\">Dise\u00f1o de Vallas, Flyers, cat\u00e1logos...<\/p>\n\t\n\t<h3 class=\"second-title text-left\">Im\u00e1gen y M\u00e1s<\/h3>\n\n\t\n\t\n\t<\/div>\t\n\n[vc_column_text]Si lo desea, podemos crearle todo el contenido gr\u00e1fico, de imagen, carteler\u00eda, v\u00eddeo o interactivo necesarios para la presentaci\u00f3n, promoci\u00f3n y venta de sus proyectos.[\/vc_column_text]<div class=\"button_wrapper\"  >\n\t\n\t<a href=\"https:\/\/franjavirtual.es\/imagen_i_mas\/\" class=\"btn btn-outline btn-small\">\n\t\t\t\t<span class=\"text\">Ver m\u00e1s<\/span>\n\t\t\t<\/a>\n\t\n<\/div>\n\n[vc_empty_space][\/vc_column_inner][vc_column_inner width=\u00bb1\/4&#8243;]<div id=\"argenta-custom-69db54949295e\"  class=\"heading-wrapper text-left\"  >\n\t\n\t<h3 class=\"second-title text-left\">ING<\/h3>\n\n\t\n\t\n\t\t\t<p class=\"subtitle\">...,Dise\u00f1o Industrial &amp; Delineaci\u00f3n 3D en SW...<\/p>\n\t<\/div>\t\n\n<div id=\"argenta-custom-69db5494929bb\"  class=\"heading-wrapper text-left\"  >\n\t\t\t<p class=\"subtitle\">+ Renders de integraci\u00f3n, simulaci\u00f3nes...<\/p>\n\t\n\t<h3 class=\"second-title text-left\">Ingenier\u00eda<\/h3>\n\n\t\n\t\n\t<\/div>\t\n\n[vc_column_text]Tenemos mucha experiencia en el campo de la ingenier\u00eda industrial. Por ello aseguramos una correcta comprensi\u00f3n de los proyectos, para su posterior representaci\u00f3n.[\/vc_column_text]<div class=\"button_wrapper\"  >\n\t\n\t<a href=\"https:\/\/franjavirtual.es\/ingenieria\/\" class=\"btn btn-outline btn-small\">\n\t\t\t\t<span class=\"text\">Ver m\u00e1s<\/span>\n\t\t\t<\/a>\n\t\n<\/div>\n\n[vc_empty_space][\/vc_column_inner][\/vc_row_inner][vc_empty_space height=\u00bb70px\u00bb el_class=\u00bbarg-spacer\u00bb][\/vc_column][\/vc_row][vc_row full_width=\u00bbstretch_row_content_no_spaces\u00bb][vc_column css=\u00bb.vc_custom_1478168276850{padding-top: 0px !important;}\u00bb]<div class=\"split-box\" id=\"argenta-custom-69db549492a5a\" \n\tdata-parallax-left=\"vertical\"\tdata-parallax-right=\"vertical\"\tdata-parallax-speed-left=\"1.0\"\tdata-parallax-speed-right=\"1.4\">\n\t\t<div class=\"vc_col-md-6 split-box-wrap\">\n\t\t<div class=\"parallax-bg\"><\/div>\n\t\t<div class=\"content\">\n\t\t\t<div  class=\"heading-wrapper text-left\"  >\n\t\t\t<p class=\"subtitle\">No solo Creamos, tambi\u00e9n le ayudamos<\/p>\n\t\n\t<h3 class=\"second-title text-left\">Soporte Completo<\/h3>\n\n\t\n\t\n\t<\/div>\t\n\n[vc_empty_space]<div class=\"tab-box\" id=\"argenta-custom-69db549493002\" data-tab-box=\"true\"  >\n\t<div class=\"tab-box-buttons\" data-tab-box-buttons=\"true\" role=\"tablist\">\n\t\t\t<\/div>\n\t<div class=\"tab-box-content\" data-tab-box-content=\"true\" role=\"tabpanel\">\n\t\t<div class=\"tab-box-item\" data-tab-box-title=\"MULTIM\u00c9DIA\" id=\"1478186346353-3ce42c6b-418f\">\n\t[vc_column_text]Preparamos cualquier <a href=\"https:\/\/youtu.be\/3g14nLmepFk\">presentaci\u00f3n multim\u00e9dia<\/a> para Redes Sociales, TV, V\u00eddeo, Web, etc&#8230;<\/p>\n<p>Aunque actualmente, presentar un activo para su venta o promoci\u00f3n requiere nuevos retos que van m\u00e1s all\u00e1 de la reproducci\u00f3n de v\u00eddeos.<br \/>\nLos usuarios quieren m\u00e1s, estan acostumbrados a interactuar, por ello uno de los formatos m\u00e1s demandados que tenemos \u00e9s el de las Visitas Virtuales Autoguiadas.[\/vc_column_text]<div id=\"argenta-custom-69db5494931aa\"  >\n\t<p>Las Visitas Virtuales interactivas son la mejor forma para mostrar los espacios, la distribuci\u00f3n real y los acabados en el grado de detalle que se desee. Aunque generalmente suele hacerce de forma bastante ligera, ya que se trata de contextualizar volumenes y espacios, y generalmente, salvo excepciones, no detalles espec\u00edficos de decoraci\u00f3n.<\/p>\n<\/div>\n\n<div class=\"button_wrapper\"  >\n\t\n\t<a href=\"https:\/\/rocoliva.net\/Cervantes\/virtual\/\" target=\"_blank\" class=\"btn\">\n\t\t\t\t<span class=\"text\">Ver ejemplo #1 de Visita Virtual<\/span>\n\t\t\t<\/a>\n\t\n<\/div>\n\n<div id=\"argenta-custom-69db54949329c\"  >\n\t<p>Los videos promocionales son una magn\u00edfica opci\u00f3n para mostrar su producto de una forma din\u00e1mica y situar a sus clientes en el contexto m\u00e1s apropiado.<br \/>\nPueden incorporar enlaces a cualquier documento o archivo relevante.<\/p>\n<\/div>\n\n\n<div class=\"video-module video-module-outline video-module-shape\"  >\n\t<div class=\"btn-play\" data-video-module=\"https:\/\/franjavirtual.es\/wp-content\/uploads\/2022\/11\/Inauguracio-Pont-de-Ferro2-parcial.mp4\" data-video-module-open=\"argenta-custom-69db5494932ee\">\n\t\t<span class=\"icon ion-ios-play\"><\/span>\n\t<\/div>\n\t<div class=\"content-center\">\n\t\t<div class=\"wrap\">\n\t\t\t\t\t\t<h3 class=\"title text-left\">Ejemplo de v\u00eddeo 3D<\/h3>\n\t\t\t\t\t\t\t\t\t<p class=\"subtitle small text-left\">Pont de Ferro<\/p>\n\t\t\t\t\t<\/div>\n\t<\/div>\n<\/div>\n\n\n<\/div><div class=\"tab-box-item\" data-tab-box-title=\"CARTELER\u00cdA\" id=\"1478186346598-7077356b-b5d9\">\n\t<div id=\"argenta-custom-69db549493433\"  >\n\t<p>El mercado inmobiliario crece d\u00eda a d\u00eda desde el \u201ccrack\u201d de 2007, los actuales potenciales clientes, acostumbrados a la informaci\u00f3n inmediata y de calidad, hacen que deba cuidarse mucho todos los aspectos comerciales, con el fin de que su empresa inmobiliaria, de dise\u00f1o o arquitectura, se diferencie del resto y llame la atenci\u00f3n de los clientes, proyectando una imagen de calidad.<br \/>\nHoy en d\u00eda nadie contempla dar un tel\u00e9fono en trozo de folio, no contar con p\u00e1gina web o presentar un inmueble con tan s\u00f3lo una fotograf\u00eda, la cual no est\u00e9 perfectamente descrita, y mucho menos que una agencia de car\u00e1cter inmobiliaria que se aprecie que no cuente con renders y carteles hechos de forma profesional para captar la atenci\u00f3n de sus posibles clientes.<\/p>\n<\/div>\n\n[vc_single_image image=\u00bb5742&#8243; img_size=\u00bblarge\u00bb alignment=\u00bbcenter\u00bb]<\/div><div class=\"tab-box-item\" data-tab-box-title=\"WEB\" id=\"1479137183164-b5c6350c-98c5\">\n\t[vc_column_text]Para cada proyecto, creamos una aplicaci\u00f3n web, de una sola p\u00e1gina, que contiene toda la informaci\u00f3n generada (Renders, Flyers, Cat\u00e1logos, etc) m\u00e1s la que el cliente desee aportar.<br \/>\nEsta aplicaci\u00f3n puede enviarse por Wathsapp, e-mail o leerse por c\u00f3digo QR.<br \/>\nEs una opci\u00f3n muy bien valorada por nuestros clientes.[\/vc_column_text][vc_single_image image=\u00bb5747&#8243; img_size=\u00bbmedium\u00bb]<\/div>\t\n\t<\/div>\n<\/div>\n\n\t\t<\/div>\n\t<\/div>\t<div class=\"vc_col-md-6 split-box-wrap\">\n\t\t<div class=\"parallax-bg\"><\/div>\n\t\t<div class=\"content\">\n\t\t\t[vc_single_image image=\u00bb5727&#8243; img_size=\u00bb200&#215;200&#8243; alignment=\u00bbcenter\u00bb]\t\t<\/div>\n\t<\/div>\t\n<\/div>\n\n[\/vc_column][\/vc_row][vc_row full_width=\u00bbstretch_row_content_no_spaces\u00bb][vc_column width=\u00bb1\/4&#8243; css=\u00bb.vc_custom_1480335094293{padding-top: 0px !important;}\u00bb][vc_empty_space height=\u00bb80px\u00bb el_class=\u00bbarg-spacer\u00bb][vc_row_inner css=\u00bb.vc_custom_1480338022703{border-right-width: 1px !important;border-right-color: #d4d4d4 !important;border-right-style: dotted !important;}\u00bb][vc_column_inner css=\u00bb.vc_custom_1480337956934{padding-top: 0px !important;}\u00bb]<div class=\"counter-box\">\n\t\n\t\n\t\t\t\t\t<span class=\"counter-box-icon my-icon-spo-trophy-star\"><\/span>\n\t\t\t\n\t\t<div class=\"counter-box-count\" data-counter=\"25\">\n\n\t\t\n\t\t<span class=\"count\">0<\/span>\n\t\t\t<\/div>\n\t\t\t<h3 class=\"title\">Modelado 3D<\/h3>\n\t\t\t<p class=\"subtitle\">3ds Max<\/p>\n\t\n<\/div>\n\n[\/vc_column_inner][\/vc_row_inner][vc_empty_space height=\u00bb80px\u00bb el_class=\u00bbarg-spacer\u00bb][\/vc_column][vc_column width=\u00bb1\/4&#8243; css=\u00bb.vc_custom_1480337835627{padding-top: 0px !important;}\u00bb][vc_empty_space height=\u00bb80px\u00bb el_class=\u00bbarg-spacer\u00bb][vc_row_inner css=\u00bb.vc_custom_1480338022703{border-right-width: 1px !important;border-right-color: #d4d4d4 !important;border-right-style: dotted !important;}\u00bb][vc_column_inner css=\u00bb.vc_custom_1480337956934{padding-top: 0px !important;}\u00bb]<div class=\"counter-box\">\n\t\n\t\n\t\t\t\t\t<span class=\"counter-box-icon my-icon-spo-trophy-star\"><\/span>\n\t\t\t\n\t\t<div class=\"counter-box-count\" data-counter=\"30\">\n\n\t\t\n\t\t<span class=\"count\">0<\/span>\n\t\t\t<\/div>\n\t\t\t<h3 class=\"title\">Planos 2D y 3D<\/h3>\n\t\t\t<p class=\"subtitle\">AutoCad<\/p>\n\t\n<\/div>\n\n[\/vc_column_inner][\/vc_row_inner][vc_empty_space height=\u00bb80px\u00bb el_class=\u00bbarg-spacer\u00bb][\/vc_column][vc_column width=\u00bb1\/4&#8243; css=\u00bb.vc_custom_1480335101804{padding-top: 0px !important;}\u00bb][vc_empty_space height=\u00bb80px\u00bb el_class=\u00bbarg-spacer\u00bb][vc_row_inner css=\u00bb.vc_custom_1480338022703{border-right-width: 1px !important;border-right-color: #d4d4d4 !important;border-right-style: dotted !important;}\u00bb][vc_column_inner css=\u00bb.vc_custom_1480337956934{padding-top: 0px !important;}\u00bb]<div class=\"counter-box\">\n\t\n\t\n\t\t\t\t\t<span class=\"counter-box-icon my-icon-spo-trophy-star\"><\/span>\n\t\t\t\n\t\t<div class=\"counter-box-count\" data-counter=\"20\">\n\n\t\t\n\t\t<span class=\"count\">0<\/span>\n\t\t\t<\/div>\n\t\t\t<h3 class=\"title\">Dise\u00f1o Industrial<\/h3>\n\t\t\t<p class=\"subtitle\">SolidWorks<\/p>\n\t\n<\/div>\n\n[\/vc_column_inner][\/vc_row_inner][vc_empty_space height=\u00bb80px\u00bb el_class=\u00bbarg-spacer\u00bb][\/vc_column][vc_column width=\u00bb1\/4&#8243; css=\u00bb.vc_custom_1479726247962{padding-top: 0px !important;}\u00bb][vc_empty_space height=\u00bb80px\u00bb el_class=\u00bbarg-spacer\u00bb][vc_row_inner][vc_column_inner css=\u00bb.vc_custom_1480337956934{padding-top: 0px !important;}\u00bb]<div class=\"counter-box\">\n\t\n\t\n\t\t\t\t\t<span class=\"counter-box-icon my-icon-spo-trophy-star\"><\/span>\n\t\t\t\n\t\t<div class=\"counter-box-count\" data-counter=\"30\">\n\n\t\t\n\t\t<span class=\"count\">0<\/span>\n\t\t\t<\/div>\n\t\t\t<h3 class=\"title\">Infograf\u00eda e Im\u00e1gen<\/h3>\n\t\t\t<p class=\"subtitle\">Corel, Photoshop...<\/p>\n\t\n<\/div>\n\n[\/vc_column_inner][\/vc_row_inner][vc_empty_space height=\u00bb80px\u00bb el_class=\u00bbarg-spacer\u00bb][\/vc_column][\/vc_row][vc_row full_width=\u00bbstretch_row_content_no_spaces\u00bb parallax=\u00bbcontent-moving\u00bb css=\u00bb.vc_custom_1480506108697{background: #a28e7c url(http:\/\/franjavirtual.es\/wp-content\/uploads\/2016\/11\/arg_demo1_back1-min.jpg?id=5068);background-position: center;background-repeat: no-repeat !important;background-size: cover !important;}\u00bb][vc_column css=\u00bb.vc_custom_1479138536607{padding-top: 0px !important;}\u00bb][vc_empty_space height=\u00bb100px\u00bb el_class=\u00bbarg-spacer\u00bb]<div id=\"argenta-custom-69db54949369c\"  class=\"heading-wrapper text-center\"  >\n\t\n\t<h3 class=\"second-title text-center\">Clientes Satisfechos<\/h3>\n\n\t\n\t\n\t\t\t<p class=\"subtitle\">Buscar siempre la plena satisfacci\u00f3n del cliente es el secreto, algo que solo puede lograrse implic\u00e1ndote con el cliente en el desarrollo del proyecto y en la b\u00fasqueda de su objetivo.<\/p>\n\t<\/div>\t\n\n[vc_empty_space height=\u00bb40px\u00bb][vc_row_inner css=\u00bb.vc_custom_1480419396803{padding-top: 0px !important;padding-right: 25% !important;padding-left: 25% !important;}\u00bb][vc_column_inner]<div class=\"slider full\" id=\"argenta-custom-69db5494936ee\" data-slider=\"true\"\n\tdata-slide-by=\"1\" data-autoplay-time=\"5\"\n\tdata-autoplay=\"true\" data-nav=\"false\" data-pagination=\"true\"\n\tdata-loop=\"true\" data-items-desktop=\"1\" data-items-tablet=\"1\"\n\tdata-items-mobile=\"1\" data-stop-hover=\"true\" >\n\n\t<div class=\"slider-wrap\">\n\t<div id=\"argenta-custom-69db549493b27\" class=\"testimonials-middle-avatar-quote\">\n\t\n\t\t<div class=\"testimonials-quote\">\n\t\t<span class=\"icon ion-quote\"><\/span>\n\t<\/div>\n\t\n\t<blockquote>Solo implic\u00e1ndote con el cliente en el desarrollo del proyecto puedes ayudarlo a lograr su objetivo.<\/blockquote>\n\n\t\n\t\t<div class=\"testimonials-avatar\">\n\t\t<img decoding=\"async\" src=\"https:\/\/franjavirtual.es\/wp-content\/uploads\/2016\/11\/arg_demo_avatar2-min.png\" alt=\"Bendigt Ferguson\">\n\t<\/div>\n\t\n\t\t<h4 class=\"title\">- Bendigt Ferguson<\/h4>\n\t<p class=\"subtitle small\">Product manager<\/p>\n\t\n<\/div>\n\n<\/div>\t\n<\/div>\n\n[\/vc_column_inner][\/vc_row_inner][\/vc_column][\/vc_row][vc_row full_width=\u00bbstretch_row_content_no_spaces\u00bb equal_height=\u00bbyes\u00bb][vc_column width=\u00bb1\/3&#8243; css=\u00bb.vc_custom_1667903093151{padding-top: 0px !important;padding-right: 12% !important;padding-left: 12% !important;background-color: #ffffff !important;}\u00bb el_class=\u00bbphone-empty-block\u00bb][vc_empty_space height=\u00bb90px\u00bb]<div  class=\"heading-wrapper text-left\"  >\n\t\t\t<p class=\"subtitle\">Nos vemos?<\/p>\n\t\n\t<h3 class=\"second-title text-left\">Una Reuni\u00f3n?<\/h3>\n\n\t\n\t\t<div class=\"divider-dashed\"><div class=\"divider-line\"><\/div><div class=\"divider-line\"><\/div><\/div>\t\n\t<\/div>\t\n\n[vc_empty_space height=\u00bb20px\u00bb]<div id=\"argenta-custom-69db549493c08\"  >\n\t<p>Si lo desea, sin ning\u00fan tipo de compromiso por su parte, podemos sostener una reuni\u00f3n personal o por videoconferencia, en la cual podemos explicarle el c\u00f3mo, cuando, qu\u00e9 y cuanto&#8230;<br \/>\nSi ya conoce este tipo de servicios podemos concretar r\u00e1pidamente sus necesidades y hacer las estimaciones y valoraciones necesarias, adem\u00e1s de explicarle todas las posibilidades que nuestros servicios pueden darle.<br \/>\nEn caso de ser desconocedor de este mundo, operativa, etc., le explicaremos detalladamente c\u00f3mo podemos ayudarle y qu\u00e9 posibilidades le da utilizar esta t\u00e9cnica, la cual ya est\u00e1 plenamente implantada y de resultados muy contrastados.<\/p>\n<p>D\u00edganos cuando, y por qu\u00e9 medio desea que nos veamos.<\/p>\n<\/div>\n\n[\/vc_column][vc_column width=\u00bb1\/3&#8243; css=\u00bb.vc_custom_1477482244144{padding-top: 0px !important;padding-right: 12% !important;padding-left: 12% !important;background-color: #f3f3f3 !important;}\u00bb][vc_empty_space height=\u00bb90px\u00bb el_class=\u00bbarg-spacer\u00bb]<div  class=\"heading-wrapper text-left\"  >\n\t\t\t<p class=\"subtitle\">Contacto<\/p>\n\t\n\t<h3 class=\"second-title text-left\">Hablamos?<\/h3>\n\n\t\n\t\n\t<\/div>\t\n\n[vc_empty_space height=\u00bb20px\u00bb]\t<ul class=\"list-box-icon contact-module list-box-border-items-offset\">\n\t\n\t\t<li>\n\n\t<span class=\"icon my-icon-ema-email\"><\/span>\n\t\t<h4 class=\"title\">Email:<\/h4>\n\t\t<address>info@franjavirtual.es<\/address>\t\n\n<\/li>\n\n<li>\n\n\t<span class=\"icon my-icon-tel-fixed-handset\"><\/span>\n\t\t<h4 class=\"title\">Tel\u00e9fono:<\/h4>\n\t\t<address>+34 655 420 059<\/address>\t\n\n<\/li>\n\n<li>\n\n\t<span class=\"icon my-icon-loc-longitude\"><\/span>\n\t\t<h4 class=\"title\">Website:<\/h4>\n\t\t<address>https:\/\/www.franjavirtual.es<\/address>\t\n\n<\/li>\n\n\n\t<\/ul>[vc_empty_space height=\u00bb90px\u00bb el_class=\u00bbarg-spacer\u00bb][\/vc_column][vc_column width=\u00bb1\/3&#8243; css=\u00bb.vc_custom_1480506355953{padding-top: 0px !important;padding-right: 12% !important;padding-left: 12% !important;background-position: center !important;background-repeat: no-repeat !important;background-size: cover !important;}\u00bb][vc_empty_space height=\u00bb90px\u00bb el_class=\u00bbarg-spacer\u00bb]<div  class=\"heading-wrapper text-left\"  >\n\t\t\t<p class=\"subtitle\">Si lo prefiere, escr\u00edbanos<\/p>\n\t\n\t<h3 class=\"second-title text-left\">Mensaje<\/h3>\n\n\t\n\t\n\t<\/div>\t\n\n[vc_empty_space height=\u00bb20px\u00bb]<div class=\"contact-form text-left\" data-button-classes=\"\" id=\"argenta-custom-69db549493e9c\"  >\n\n\t\n<div class=\"wpcf7 no-js\" id=\"wpcf7-f737-o1\" lang=\"en-US\" dir=\"ltr\" data-wpcf7-id=\"737\">\n<div class=\"screen-reader-response\"><p role=\"status\" aria-live=\"polite\" aria-atomic=\"true\"><\/p> <ul><\/ul><\/div>\n<form action=\"\/index.php?rest_route=%2Fwp%2Fv2%2Fpages%2F2683#wpcf7-f737-o1\" method=\"post\" class=\"wpcf7-form init\" aria-label=\"Contact form\" novalidate=\"novalidate\" data-status=\"init\">\n<fieldset class=\"hidden-fields-container\"><input type=\"hidden\" name=\"_wpcf7\" value=\"737\" \/><input type=\"hidden\" name=\"_wpcf7_version\" value=\"6.1\" \/><input type=\"hidden\" name=\"_wpcf7_locale\" value=\"en_US\" \/><input type=\"hidden\" name=\"_wpcf7_unit_tag\" value=\"wpcf7-f737-o1\" \/><input type=\"hidden\" name=\"_wpcf7_container_post\" value=\"0\" \/><input type=\"hidden\" name=\"_wpcf7_posted_data_hash\" value=\"\" \/>\n<\/fieldset>\n<div class=\"input-group\">\n\t<p><label class=\"col-12\"><span class=\"wpcf7-form-control-wrap\" data-name=\"your-name\"><input size=\"40\" maxlength=\"400\" class=\"wpcf7-form-control wpcf7-text wpcf7-validates-as-required\" aria-required=\"true\" aria-invalid=\"false\" placeholder=\"Nombre*\" value=\"\" type=\"text\" name=\"your-name\" \/><\/span><\/label>\n\t<\/p>\n<\/div>\n<div class=\"input-group\">\n\t<p><label class=\"col-12\"><span class=\"wpcf7-form-control-wrap\" data-name=\"your-email\"><input size=\"40\" maxlength=\"400\" class=\"wpcf7-form-control wpcf7-email wpcf7-validates-as-required wpcf7-text wpcf7-validates-as-email\" aria-required=\"true\" aria-invalid=\"false\" placeholder=\"Email*\" value=\"\" type=\"email\" name=\"your-email\" \/><\/span><\/label>\n\t<\/p>\n<\/div>\n<p><label> <span class=\"wpcf7-form-control-wrap\" data-name=\"your-message\"><textarea cols=\"40\" rows=\"10\" maxlength=\"2000\" class=\"wpcf7-form-control wpcf7-textarea\" aria-invalid=\"false\" placeholder=\"Mensaje\" name=\"your-message\"><\/textarea><\/span> <\/label><br \/>\n<button class=\"btn\"><span class=\"btn-load\"><\/span>Enviar Mensaje<\/button>\n<\/p><div class=\"wpcf7-response-output\" aria-hidden=\"true\"><\/div>\n<\/form>\n<\/div>\n\n<\/div>\n\n[\/vc_column][\/vc_row][vc_row][vc_column]<div id=\"argenta-custom-69db549499e9e\"  >\n\t<p style=\"text-align: center;\">Consulte nuestra <a href=\"https:\/\/franjavirtual.es\/privacy-policy\/\"><em><strong>Pol\u00edtica de Privacidad<\/strong><\/em><\/a><\/p>\n<\/div>\n\n[\/vc_column][\/vc_row][vc_row full_width=\u00bbstretch_row_content_no_spaces\u00bb][vc_column css=\u00bb.vc_custom_1476967753115{padding-top: 0px !important;}\u00bb]<div class=\"socialbar boxed-fullwidth social-column-5\" id=\"argenta-custom-69db549499f9c\"  >\n\n\t\t<a href=\"https:\/\/www.facebook.com\/sharer\/sharer.php?u=https:\/\/franjavirtual.es\/\" target=\"_blank\" class=\"social facebook\">\n\t\t<span class=\"social-icon ion-social-facebook\"><\/span>\n\t\t\t\t<span class=\"social-text\">Facebook<\/span>\n\t\t\t<\/a>\n\t\n\t\t<a href=\"https:\/\/twitter.com\/intent\/tweet?text=Bienvenido+a+nuestra+p%C3%A1gina+web.,+https:\/\/franjavirtual.es\/\" target=\"_blank\" class=\"social twitter\">\n\t\t<span class=\"social-icon ion-social-twitter\"><\/span>\n\t\t\t\t<span class=\"social-text\">Twitter<\/span>\n\t\t\t<\/a>\n\t\n\t\t<a href=\"https:\/\/plus.google.com\/share?url=https%3A%2F%2Ffranjavirtual.es%2F\" target=\"_blank\" class=\"social googleplus\">\n\t\t<span class=\"social-icon ion-social-googleplus-outline\"><\/span>\n\t\t\t\t<span class=\"social-text\">Google+<\/span>\n\t\t\t<\/a>\n\t\n\t\n\t\n\t\t<a href=\"https:\/\/www.linkedin.com\/shareArticle?mini=true&url=https%3A%2F%2Ffranjavirtual.es%2F&title=Bienvenido+a+nuestra+p%C3%A1gina+web.&source=3D+Franja+Virtual\" target=\"_blank\" class=\"social linkedin\">\n\t\t<span class=\"social-icon ion-social-linkedin-outline\"><\/span>\n\t\t\t\t<span class=\"social-text\">LinkedIn<\/span>\n\t\t\t<\/a>\n\t\n\t\t<a href=\"http:\/\/pinterest.com\/pin\/create\/button\/?url=https%3A%2F%2Ffranjavirtual.es%2F&description=Bienvenido+a+nuestra+p%C3%A1gina+web.\" target=\"_blank\" class=\"social pinterest\">\n\t\t<span class=\"social-icon ion-social-pinterest-outline\"><\/span>\n\t\t\t\t<span class=\"social-text\">Pinterest<\/span>\n\t\t\t<\/a>\n\t\n\t\n<\/div>\n\n[\/vc_column][\/vc_row]\n","protected":false},"excerpt":{"rendered":"<p>[vc_row full_width=\u00bbstretch_row_content_no_spaces\u00bb css=\u00bb.vc_custom_1478180018375{margin-bottom: 0px !important;background-color: #343436 !important;}\u00bb][vc_column css=\u00bb.vc_custom_1478179975995{margin-bottom: 0px !important;padding-top: 0px !important;}\u00bb][rev_slider_vc alias=\u00bbcreative_agency\u00bb][\/vc_column][\/vc_row][vc_row full_width=\u00bbstretch_row\u00bb css=\u00bb.vc_custom_1479109681415{background-color: #f3f3f3 !important;}\u00bb][vc_column css=\u00bb.vc_custom_1478187626867{padding-top: 0px !important;}\u00bb][vc_empty_space height=\u00bb90px\u00bb el_class=\u00bbarg-spacer\u00bb][vc_row_inner][vc_column_inner width=\u00bb1\/4&#8243;][vc_column_text]Modelado y Render arquitect\u00f3nico. Fotoreal\u00edsmo a partir de planos de proyecto + La creaci\u00f3n o integraci\u00f3n de entornos.[\/vc_column_text][vc_empty_space][\/vc_column_inner][vc_column_inner width=\u00bb1\/4&#8243;][vc_column_text]Sorprenda a su cliente con una representaci\u00f3n casi real de sus propuestas. Nada puede compararse [&hellip;]<\/p>\n","protected":false},"author":1,"featured_media":0,"parent":0,"menu_order":0,"comment_status":"closed","ping_status":"closed","template":"page-templates\/page_without-sidebar.php","meta":{"_acf_changed":false,"ngg_post_thumbnail":0,"footnotes":""},"class_list":["post-2683","page","type-page","status-publish","hentry"],"acf":[],"_links":{"self":[{"href":"https:\/\/franjavirtual.es\/index.php?rest_route=\/wp\/v2\/pages\/2683","targetHints":{"allow":["GET"]}}],"collection":[{"href":"https:\/\/franjavirtual.es\/index.php?rest_route=\/wp\/v2\/pages"}],"about":[{"href":"https:\/\/franjavirtual.es\/index.php?rest_route=\/wp\/v2\/types\/page"}],"author":[{"embeddable":true,"href":"https:\/\/franjavirtual.es\/index.php?rest_route=\/wp\/v2\/users\/1"}],"replies":[{"embeddable":true,"href":"https:\/\/franjavirtual.es\/index.php?rest_route=%2Fwp%2Fv2%2Fcomments&post=2683"}],"version-history":[{"count":96,"href":"https:\/\/franjavirtual.es\/index.php?rest_route=\/wp\/v2\/pages\/2683\/revisions"}],"predecessor-version":[{"id":6266,"href":"https:\/\/franjavirtual.es\/index.php?rest_route=\/wp\/v2\/pages\/2683\/revisions\/6266"}],"wp:attachment":[{"href":"https:\/\/franjavirtual.es\/index.php?rest_route=%2Fwp%2Fv2%2Fmedia&parent=2683"}],"curies":[{"name":"wp","href":"https:\/\/api.w.org\/{rel}","templated":true}]}}