{"id":3,"date":"2022-10-17T15:38:00","date_gmt":"2022-10-17T15:38:00","guid":{"rendered":"https:\/\/franjavirtual.es\/?page_id=3"},"modified":"2022-11-05T13:15:04","modified_gmt":"2022-11-05T12:15:04","slug":"privacy-policy","status":"publish","type":"page","link":"https:\/\/franjavirtual.es\/?page_id=3","title":{"rendered":"Pol\u00edtica de Privacidad"},"content":{"rendered":"\r\n<p>&nbsp;<\/p>\r\n\r\n\r\n\r\n<h4 class=\"wp-block-heading\">Pol\u00edtica de Privacidad<\/h4>\r\n<p>A fin de dar cumplimiento al Reglamento Europeo de Protecci\u00f3n de Datos (Reglamento UE 2016\/679 del Parlamento Europeo y del Consejo), se expone de forma clara y directa c\u00f3mo se gestionan los datos de car\u00e1cter personal pertenecientes a los usuarios de esta p\u00e1gina y otros datos de inter\u00e9s.<\/p>\r\n<p><strong>Responsabilidad de los datos<\/strong><\/p>\r\n<p>Los datos se gestionan por Jos\u00e9 Antonio Calder\u00f3 Royes (Franja-Virtual 3D), con NIF \u2013 40866907R y con domicilio en 22520-Fraga (Huesca), Calle San Quint\u00edn, 31 6\u00baA.<br>Puede contactar por el correo electr\u00f3nico: info@franjavirtual.es<\/p>\r\n<p><strong>\u00bfPor qu\u00e9 y para qu\u00e9 podemos tratar sus datos personales?<\/strong><\/p>\r\n<p>Tratamos sus datos personales para las siguientes finalidades:<\/p>\r\n<p>Poder dar cumplimiento a los presupuestos, contrataciones o servicios que el cliente nos encargue.<br>Para desarrollar acciones comerciales en general y poder ofrecerle contenidos, productos y servicios que puedan resultar de su inter\u00e9s.<br>Estos productos o servicios ofrecidos v\u00eda email o a trav\u00e9s de la propia web pueden incluir enlaces a otros portales pertenecientes a terceros, sin que se cedan en ning\u00fan caso sus datos a los mismos.<br>Poder remitirle, en su caso, comunicaciones y recomendaciones a trav\u00e9s de boletines o Newsletters.<\/p>\r\n<p><strong>\u00bfC\u00f3mo podemos obtener sus datos?<\/strong><\/p>\r\n<p>Obtenemos informaci\u00f3n de car\u00e1cter personal de un modo directo, ya sea a trav\u00e9s de consultas realizadas por los usuarios a nuestros buzones o correos de contacto, o al contratar un servicio o adquirir un producto.<\/p>\r\n<p><strong>Destinatarios: \u00bfQui\u00e9nes recibir\u00e1n y tratan sus datos?<\/strong><\/p>\r\n<p>Jos\u00e9 Antonio Calder\u00f3 (Franja-Virtual 3D) recibir\u00e1 y tratar\u00e1 sus datos de car\u00e1cter personal en calidad de responsable.<\/p>\r\n<p>No se ceder\u00e1n nunca sus datos a terceros sin su consentimiento expreso e inequ\u00edvoco.<\/p>\r\n<p>Finalmente, le informamos que Jos\u00e9 Antonio Calder\u00f3 Royes utiliza Google Drive para almacenar los datos de sus usuarios. Asimismo, este portal utiliza Google Analytics, que emplea cookies para ayudarnos a estudiar y analizar el uso que hacen los usuarios de la web (m\u00e1s informaci\u00f3n en la pol\u00edtica de cookies). Ambas herramientas son prestadas por Google, Inc., empresa norteamericana de Delaware cuya oficina principal est\u00e1 en el 1600 AmphitheatreParkway, Mountain View (California), CA 94043, Estados Unidos. Google Inc. est\u00e1 adherido al acuerdo de Privacidad (EU-US PrivacyShield) siendo del todo seguro dicho tratamiento.<\/p>\r\n<p><strong>\u00bfCu\u00e1les son los derechos de los usuarios?<\/strong><\/p>\r\n<p>Los interesados, de acuerdo con lo dispuesto en la normativa aplicable, podr\u00e1n ejercitar los derechos de acceso, rectificaci\u00f3n, cancelaci\u00f3n y oposici\u00f3n, as\u00ed como el de limitaci\u00f3n y portabilidad dirigiendo un escrito a Jos\u00e9 Antonio Calder\u00f3 Royes (Franja-Virtual 3D), con NIF \u2013 40866907R y con domicilio en 22520-Fraga (Huesca), Calle San Quint\u00edn, 31 6\u00baA. En ambos casos, ser\u00e1 preciso adjuntar una fotocopia del Documento Nacional de Identidad o documentaci\u00f3n an\u00e1loga que acredite su identidad.<\/p>\r\n<p>Asimismo, el usuario podr\u00e1 presentar sus reclamaciones ante la Agencia Espa\u00f1ola de Protecci\u00f3n de Datos (m\u00e1s info en www.agpd.es).<\/p>\r\n<p><strong>Enlaces externos<\/strong><\/p>\r\n<p>Se advierte al usuario que la presente p\u00e1gina web puede mostrar enlaces a diferentes portales ajenos a franjavirtual.es (Jos\u00e9 Antonio Calder\u00f3 Royes). En estos casos, la empresa no se responsabiliza del posible tratamiento de datos que puedan realizar en esas p\u00e1ginas webs.<\/p>\r\n<p><strong>Env\u00edo de comunicaciones comerciales<\/strong><\/p>\r\n<p>En caso de aceptaci\u00f3n en el formulario oportuno o al adquirir alg\u00fan producto o servicio, se remitir\u00e1 al usuario un bolet\u00edn de noticias o newsletter de la p\u00e1gina web.<\/p>\r\n<p>El usuario podr\u00e1 oponerse en cualquier momento a la remisi\u00f3n de las comunicaciones comerciales mediante la remisi\u00f3n de un correo electr\u00f3nico a info@franjavirtual.es o bien por cualquier otro medio de contacto publicado en esta p\u00e1gina web.<\/p>\r\n","protected":false},"excerpt":{"rendered":"<p>&nbsp; Pol\u00edtica de Privacidad A fin de dar cumplimiento al Reglamento Europeo de Protecci\u00f3n de Datos (Reglamento UE 2016\/679 del Parlamento Europeo y del Consejo), se expone de forma clara y directa c\u00f3mo se gestionan los datos de car\u00e1cter personal pertenecientes a los usuarios de esta p\u00e1gina y otros datos de inter\u00e9s. Responsabilidad de los [&hellip;]<\/p>\n","protected":false},"author":1,"featured_media":0,"parent":0,"menu_order":0,"comment_status":"closed","ping_status":"open","template":"","meta":{"_acf_changed":false,"ngg_post_thumbnail":0,"footnotes":""},"class_list":["post-3","page","type-page","status-publish","hentry"],"acf":[],"_links":{"self":[{"href":"https:\/\/franjavirtual.es\/index.php?rest_route=\/wp\/v2\/pages\/3","targetHints":{"allow":["GET"]}}],"collection":[{"href":"https:\/\/franjavirtual.es\/index.php?rest_route=\/wp\/v2\/pages"}],"about":[{"href":"https:\/\/franjavirtual.es\/index.php?rest_route=\/wp\/v2\/types\/page"}],"author":[{"embeddable":true,"href":"https:\/\/franjavirtual.es\/index.php?rest_route=\/wp\/v2\/users\/1"}],"replies":[{"embeddable":true,"href":"https:\/\/franjavirtual.es\/index.php?rest_route=%2Fwp%2Fv2%2Fcomments&post=3"}],"version-history":[{"count":7,"href":"https:\/\/franjavirtual.es\/index.php?rest_route=\/wp\/v2\/pages\/3\/revisions"}],"predecessor-version":[{"id":6208,"href":"https:\/\/franjavirtual.es\/index.php?rest_route=\/wp\/v2\/pages\/3\/revisions\/6208"}],"wp:attachment":[{"href":"https:\/\/franjavirtual.es\/index.php?rest_route=%2Fwp%2Fv2%2Fmedia&parent=3"}],"curies":[{"name":"wp","href":"https:\/\/api.w.org\/{rel}","templated":true}]}}