{"id":5934,"date":"2022-10-24T08:40:40","date_gmt":"2022-10-24T07:40:40","guid":{"rendered":"https:\/\/franjavirtual.es\/?page_id=5934"},"modified":"2022-11-05T12:53:53","modified_gmt":"2022-11-05T11:53:53","slug":"imagen_i_mas","status":"publish","type":"page","link":"https:\/\/franjavirtual.es\/?page_id=5934","title":{"rendered":"Im\u00e1gen y soporte para la promoci\u00f3n"},"content":{"rendered":"[vc_row][vc_column]<div  class=\"heading-wrapper text-center\"  >\n\t\n\t<h3 class=\"second-title text-center\">Portafolio<\/h3>\n\n\t\n\t\t<div class=\"divider-dashed\"><div class=\"divider-line\"><\/div><div class=\"divider-line\"><\/div><\/div>\t\n\t\t\t<p class=\"subtitle\">Im\u00e1gen y M\u00e1s...<\/p>\n\t<\/div>\t\n\n[\/vc_column][\/vc_row][vc_row][vc_column css=\u00bb.vc_custom_1666621112085{background-color: #4f4f4f !important;}\u00bb]<div id=\"argenta-custom-69d1f210b8303\"  >\n\t<p>ngg_shortcode_0_placeholder<\/p>\n<\/div>\n\n[\/vc_column][\/vc_row][vc_row][vc_column]<div class=\"tab-box\" id=\"argenta-custom-69d1f210b839e\" data-tab-box=\"true\"  >\n\t<div class=\"tab-box-buttons\" data-tab-box-buttons=\"true\" role=\"tablist\">\n\t\t\t<\/div>\n\t<div class=\"tab-box-content\" data-tab-box-content=\"true\" role=\"tabpanel\">\n\t\t<div class=\"tab-box-item\" data-tab-box-title=\"Visitas Virtuales Interactivas\" id=\"1666624557033-d8f9d4e8-8e77\">\n\t<div id=\"argenta-custom-69d1f210b8800\" class=\"banner-box-wrapper banner-box\"  >\n\t\n\t<div class=\"wrap-image\">\n\t\t<img decoding=\"async\" src=\"https:\/\/franjavirtual.es\/wp-content\/uploads\/2022\/10\/Visita-Virtual-Cervantes.jpg\" alt=\"Visitas Virtuales\">\n\t<\/div>\n\n\t\n\t\t<h3 class=\"title\">Visitas Virtuales<\/h3>\n\n\t\t\t\t<p class=\"subtitle\">\n\t\t\tLa mejor forma de entender los espacios.\t\t<\/p>\n\t\t\n\t\t<p class=\"description\">\n\t\t\tA cada persona nos interesan cosas parecidas (o casi) a la hora de tomar decisiones. Aunque lo hacemos de forma distinta para recbar datos.<br \/>\nFotograf\u00edas y v\u00eddeos son estupendos para ver aquello que quieren mostrarnos. Pero nada se parece a que seamos nosotros los que decidamos qu\u00e9 mirar, d\u00f3nde mirar y por cuanto tiempo.<br \/>\nNada hay mejor que poder sumergirnos en un espacio de forma libre, por el tiempo que queramos, a la hora que queramos y tantas veces como deseemos.\t\t<\/p>\n\n\t\t\t\t\t\t\t<a href=\"https:\/\/rocoliva.net\/Cervantes\/virtual\/\" target=\"_blank\"  class=\"btn box-btn uppercase\">\n\t\t\tUn ejemplo de Visita Virtual a partir de planos.\t\t<\/a>\n\t\t\t\t\t\n\t<\/div>\n\n<\/div><div class=\"tab-box-item\" data-tab-box-title=\"V\u00eddeo Formaci\u00f3n - Molduras\" id=\"1666624557050-41851c64-afbe\">\n\t<div id=\"argenta-custom-69d1f210bb279\" class=\"banner-box-wrapper banner-box\"  >\n\t\n\t<div class=\"wrap-image\">\n\t\t<img decoding=\"async\" src=\"https:\/\/franjavirtual.es\/wp-content\/uploads\/2022\/10\/moduras.png\" alt=\"V\u00eddeo de Formaci\u00f3n\">\n\t<\/div>\n\n\t\n\t\t<h3 class=\"title\">V\u00eddeo de Formaci\u00f3n<\/h3>\n\n\t\t\t\t<p class=\"subtitle\">\n\t\t\tColocaci\u00f3n d emolduras de fachadas\t\t<\/p>\n\t\t\n\t\t<p class=\"description\">\n\t\t\tUna im\u00e1gen \u00e9s m\u00e1s que mil palabras, y un v\u00eddeo guiado mucho m\u00e1s.\t\t<\/p>\n\n\t\t\t\t\t\t\t<a href=\"https:\/\/youtu.be\/C8F-qmr4_HE\" target=\"_blank\"  class=\"btn box-btn uppercase\">\n\t\t\tVer V\u00eddeo\t\t<\/a>\n\t\t\t\t\t\n\t<\/div>\n\n<\/div><div class=\"tab-box-item\" data-tab-box-title=\"Maniobra Virtual\" id=\"1666626708340-feb2a0e6-1e1d\">\n\t<div id=\"argenta-custom-69d1f210bb66e\" class=\"banner-box-wrapper banner-box\"  >\n\t\n\t<div class=\"wrap-image\">\n\t\t<img decoding=\"async\" src=\"https:\/\/franjavirtual.es\/wp-content\/uploads\/2022\/10\/maniobra-virtual.jpg\" alt=\"Maniobra Virtual\">\n\t<\/div>\n\n\t\n\t\t<h3 class=\"title\">Maniobra Virtual<\/h3>\n\n\t\t\t\t<p class=\"subtitle\">\n\t\t\tFormaci\u00f3n\t\t<\/p>\n\t\t\n\t\t<p class=\"description\">\n\t\t\tSimulaciones de tr\u00e1fico.\t\t<\/p>\n\n\t\t\t\t\t\t\t<a href=\"https:\/\/youtu.be\/GTzGKzaEwrQ\" class=\"btn box-btn uppercase\">\n\t\t\tVer V\u00eddeo\t\t<\/a>\n\t\t\t\t\t\n\t<\/div>\n\n<\/div>\t\n\t<\/div>\n<\/div>\n\n[\/vc_column][\/vc_row]\n","protected":false},"excerpt":{"rendered":"<p>[vc_row][vc_column][\/vc_column][\/vc_row][vc_row][vc_column css=\u00bb.vc_custom_1666621112085{background-color: #4f4f4f !important;}\u00bb][\/vc_column][\/vc_row][vc_row][vc_column][\/vc_column][\/vc_row]<\/p>\n","protected":false},"author":1,"featured_media":0,"parent":0,"menu_order":0,"comment_status":"closed","ping_status":"closed","template":"","meta":{"_acf_changed":false,"ngg_post_thumbnail":0,"footnotes":""},"class_list":["post-5934","page","type-page","status-publish","hentry"],"acf":[],"_links":{"self":[{"href":"https:\/\/franjavirtual.es\/index.php?rest_route=\/wp\/v2\/pages\/5934","targetHints":{"allow":["GET"]}}],"collection":[{"href":"https:\/\/franjavirtual.es\/index.php?rest_route=\/wp\/v2\/pages"}],"about":[{"href":"https:\/\/franjavirtual.es\/index.php?rest_route=\/wp\/v2\/types\/page"}],"author":[{"embeddable":true,"href":"https:\/\/franjavirtual.es\/index.php?rest_route=\/wp\/v2\/users\/1"}],"replies":[{"embeddable":true,"href":"https:\/\/franjavirtual.es\/index.php?rest_route=%2Fwp%2Fv2%2Fcomments&post=5934"}],"version-history":[{"count":28,"href":"https:\/\/franjavirtual.es\/index.php?rest_route=\/wp\/v2\/pages\/5934\/revisions"}],"predecessor-version":[{"id":5940,"href":"https:\/\/franjavirtual.es\/index.php?rest_route=\/wp\/v2\/pages\/5934\/revisions\/5940"}],"wp:attachment":[{"href":"https:\/\/franjavirtual.es\/index.php?rest_route=%2Fwp%2Fv2%2Fmedia&parent=5934"}],"curies":[{"name":"wp","href":"https:\/\/api.w.org\/{rel}","templated":true}]}}