{"id":6064,"date":"2022-10-25T12:34:57","date_gmt":"2022-10-25T11:34:57","guid":{"rendered":"https:\/\/franjavirtual.es\/?page_id=6064"},"modified":"2022-11-05T12:48:10","modified_gmt":"2022-11-05T11:48:10","slug":"como-hacerlo","status":"publish","type":"page","link":"https:\/\/franjavirtual.es\/?page_id=6064","title":{"rendered":"C\u00f3mo lo hacemos"},"content":{"rendered":"[vc_row][vc_column width=\u00bb1\/3&#8243;]<div  class=\"heading-wrapper text-center\"  >\n\t\n\t<h3 class=\"second-title text-center\">Solicitar presupuesto<\/h3>\n\n\t\n\t\t<div class=\"divider-dashed\"><div class=\"divider-line\"><\/div><div class=\"divider-line\"><\/div><\/div>\t\n\t\t\t<p class=\"subtitle\">Obtenga su presupuesto cerrado<\/p>\n\t<\/div>\t\n\n<div id=\"argenta-custom-69d1f47eb2870\"  >\n\t<p>Para poder realizar un presupuesto ajustado y cerrado, as\u00ed como ejecutar su posible posterior encargo adaptado a sus mejores expectativas y mejorarlas incluso, necesitamos conocer tres cosas fundamentales:<\/p>\n<h4>1<\/h4>\n<p><strong>Cual ser\u00e1 el objeto del trabajo.<\/strong><\/p>\n<p>Es importante saber qu\u00e9 se material van a necesitar a partir de los archivos que generemos. No \u00e9s lo mismo un render inmobiliario, que uno de Dise\u00f1o Interior u otro destinado a una valla publicitaria. Como tampoco lo es un archivo 3D con render, sobre un producto que precisar\u00e1 ser impreso en 3D.<\/p>\n<h4>2<\/h4>\n<p><strong>Tener toda la documentaci\u00f3n t\u00e9cnica y o visual necesaria para evaluarlo.<\/strong><\/p>\n<p>No importa si son planos de dise\u00f1o, proyecto, borradores o simples bocetos, incluso a veces hemos trabajado a partir de fotograf\u00edas o meras ideas sin plasmar. Lo verdaderamente importante es que tengamos TODA la informaci\u00f3n relevante para comprender exactamente el proyecto.<\/p>\n<h4>3<\/h4>\n<p><strong>El uso del material generado<\/strong>.<\/p>\n<p>Dado que siempre entregamos los archivos en el formato o formatos m\u00faltiples que el cliente necesite, es importante que tengamos claros c\u00f3mo y d\u00f3nde se usar\u00e1n o publicar\u00e1n.<\/p>\n<p>&nbsp;<\/p>\n<p>&nbsp;<\/p>\n<p>&nbsp;<\/p>\n<\/div>\n\n[\/vc_column][vc_column width=\u00bb1\/3&#8243; css=\u00bb.vc_custom_1666775200353{background-color: #ededce !important;}\u00bb]<div  class=\"heading-wrapper text-center\"  >\n\t\n\t<h3 class=\"second-title text-center\">Cont\u00e1ctenos<\/h3>\n\n\t\n\t\t<div class=\"divider-dashed\"><div class=\"divider-line\"><\/div><div class=\"divider-line\"><\/div><\/div>\t\n\t\t\t<p class=\"subtitle\">Por encima de todo hablemos<\/p>\n\t<\/div>\t\n\n<div id=\"argenta-custom-69d1f47eb2924\"  >\n\t<p><strong>Si usted tiene la necesidad, la convicci\u00f3n o la intuici\u00f3n de que puede necesitar alguno de nuestros servicios<\/strong>, p\u00f3ngase en contacto a trav\u00e9s de cualquiera de los medios que esta p\u00e1gina le ofrece.<\/p>\n<p><img loading=\"lazy\" decoding=\"async\" class=\"size-medium wp-image-6083 aligncenter\" src=\"https:\/\/franjavirtual.es\/wp-content\/uploads\/2022\/10\/explica1-300x200.jpg\" alt=\"\" width=\"300\" height=\"200\" srcset=\"https:\/\/franjavirtual.es\/wp-content\/uploads\/2022\/10\/explica1-300x200.jpg 300w, https:\/\/franjavirtual.es\/wp-content\/uploads\/2022\/10\/explica1-1024x683.jpg 1024w, https:\/\/franjavirtual.es\/wp-content\/uploads\/2022\/10\/explica1-768x512.jpg 768w, https:\/\/franjavirtual.es\/wp-content\/uploads\/2022\/10\/explica1.jpg 1151w\" sizes=\"auto, (max-width: 300px) 100vw, 300px\" \/><strong>Le asesoraremos y orientaremos, sin ning\u00fan tipo de compromiso<\/strong>, sobre lo que esta t\u00e9cnica puede hacer por usted o por su negocio.<\/p>\n<p>Tambi\u00e9n <strong>le sorprender\u00e1n favorablemente nuestras tarifas<\/strong>.<\/p>\n<p><img loading=\"lazy\" decoding=\"async\" class=\"wp-image-6095 aligncenter\" src=\"https:\/\/franjavirtual.es\/wp-content\/uploads\/2022\/10\/telfv2-300x215.png\" alt=\"\" width=\"170\" height=\"122\" srcset=\"https:\/\/franjavirtual.es\/wp-content\/uploads\/2022\/10\/telfv2-300x215.png 300w, https:\/\/franjavirtual.es\/wp-content\/uploads\/2022\/10\/telfv2-768x551.png 768w, https:\/\/franjavirtual.es\/wp-content\/uploads\/2022\/10\/telfv2.png 798w\" sizes=\"auto, (max-width: 170px) 100vw, 170px\" \/>Si desea hablar con nosotros, hag\u00e1noslo saber y <strong>programaremos una reuni\u00f3n<\/strong>, tel\u00e9fonica, videollamada o presencial.<\/p>\n<p><img loading=\"lazy\" decoding=\"async\" class=\"wp-image-6096 aligncenter\" src=\"https:\/\/franjavirtual.es\/wp-content\/uploads\/2022\/10\/lupaurb2-300x297.png\" alt=\"\" width=\"166\" height=\"165\" srcset=\"https:\/\/franjavirtual.es\/wp-content\/uploads\/2022\/10\/lupaurb2-300x297.png 300w, https:\/\/franjavirtual.es\/wp-content\/uploads\/2022\/10\/lupaurb2-150x150.png 150w, https:\/\/franjavirtual.es\/wp-content\/uploads\/2022\/10\/lupaurb2-200x200.png 200w, https:\/\/franjavirtual.es\/wp-content\/uploads\/2022\/10\/lupaurb2.png 567w\" sizes=\"auto, (max-width: 166px) 100vw, 166px\" \/><strong>Recuerde que quienes han utilizado alguna vez servicios de calidad 3D<\/strong>, siempre vuelven a utilizarlos. Cuando se conocen sus resultados <strong>no se plantea<\/strong> ejecutar o presentar un proyecto <strong>sin \u00abhacer un 3D\u00bb<\/strong>.<\/p>\n<\/div>\n\n[\/vc_column][vc_column width=\u00bb1\/3&#8243;]<div  class=\"heading-wrapper text-center\"  >\n\t\n\t<h3 class=\"second-title text-center\">Proceso Ejecutivo<\/h3>\n\n\t\n\t\t<div class=\"divider-dashed\"><div class=\"divider-line\"><\/div><div class=\"divider-line\"><\/div><\/div>\t\n\t\t\t<p class=\"subtitle\">Pasos y etapas hasta la consecuci\u00f3n del trabajo<\/p>\n\t<\/div>\t\n\n<div id=\"argenta-custom-69d1f47eb29bf\"  >\n\t<p>Tras las reuniones y contactos que sean necesarios y una vez tengamos toda la documentaci\u00f3n necesaria, procederemos de la sigiente manera:<\/p>\n<h2><strong>1<\/strong><\/h2>\n<p>A los pocos d\u00edas; haremos la presentaci\u00f3n de un primer borrador del trabajo.<br \/>\nEste paso, acabado en grado de detalle bajo, tiene por objeto comprobar la exatitud del modelo y la aprobaci\u00f3n por parte del cliente del dise\u00f1o del proyecto.&nbsp;<br \/>\n<em>En esta fase es muy corriente que surjan cambios en el proyecto, ya que se visualiza, por primera vez, el volumen real que tendr\u00e1.&nbsp;<\/em><\/p>\n<h2><strong>2<\/strong><\/h2>\n<p>Una vez aprobado o modificado de acuerdo a las indicaciones del cliente, en caso de renders; procederemos a las texturizaciones con materiales reales y presentaci\u00f3n de los primeros renders fotorealistas.<br \/>\nEn caso de Dise\u00f1o Industrial para impresi\u00f3n, se verificar\u00e1 la precisi\u00f3n y exactitud del modelo para su aplicaci\u00f3n real.<br \/>\n<em>En esta fase se realizar\u00e1n las pruebas y cambios de materiales y texturas necesarios hasta la plena satisfacci\u00f3n del cliente.<\/em><\/p>\n<h2><strong>3<\/strong><\/h2>\n<p>Realizaci\u00f3n de los renders definitivos, con los entornos, fotointegraciones, animaciones, etc, que se hayan presupuestado. Incluidos otros trabajos incluidos, como v\u00eddeos, visitas virtuales, etc.<\/p>\n<\/div>\n\n[\/vc_column][\/vc_row]\n","protected":false},"excerpt":{"rendered":"<p>[vc_row][vc_column width=\u00bb1\/3&#8243;][\/vc_column][vc_column width=\u00bb1\/3&#8243; css=\u00bb.vc_custom_1666775200353{background-color: #ededce !important;}\u00bb][\/vc_column][vc_column width=\u00bb1\/3&#8243;][\/vc_column][\/vc_row]<\/p>\n","protected":false},"author":1,"featured_media":0,"parent":0,"menu_order":0,"comment_status":"closed","ping_status":"closed","template":"","meta":{"_acf_changed":false,"ngg_post_thumbnail":0,"footnotes":""},"class_list":["post-6064","page","type-page","status-publish","hentry"],"acf":[],"_links":{"self":[{"href":"https:\/\/franjavirtual.es\/index.php?rest_route=\/wp\/v2\/pages\/6064","targetHints":{"allow":["GET"]}}],"collection":[{"href":"https:\/\/franjavirtual.es\/index.php?rest_route=\/wp\/v2\/pages"}],"about":[{"href":"https:\/\/franjavirtual.es\/index.php?rest_route=\/wp\/v2\/types\/page"}],"author":[{"embeddable":true,"href":"https:\/\/franjavirtual.es\/index.php?rest_route=\/wp\/v2\/users\/1"}],"replies":[{"embeddable":true,"href":"https:\/\/franjavirtual.es\/index.php?rest_route=%2Fwp%2Fv2%2Fcomments&post=6064"}],"version-history":[{"count":27,"href":"https:\/\/franjavirtual.es\/index.php?rest_route=\/wp\/v2\/pages\/6064\/revisions"}],"predecessor-version":[{"id":6193,"href":"https:\/\/franjavirtual.es\/index.php?rest_route=\/wp\/v2\/pages\/6064\/revisions\/6193"}],"wp:attachment":[{"href":"https:\/\/franjavirtual.es\/index.php?rest_route=%2Fwp%2Fv2%2Fmedia&parent=6064"}],"curies":[{"name":"wp","href":"https:\/\/api.w.org\/{rel}","templated":true}]}}